{"id":1696,"date":"2026-04-22T14:38:15","date_gmt":"2026-04-22T14:38:15","guid":{"rendered":"https:\/\/alrayanservice.com\/?post_type=product&#038;p=1696"},"modified":"2026-04-22T15:41:00","modified_gmt":"2026-04-22T15:41:00","slug":"mannol-atf-ag60-8213","status":"publish","type":"product","link":"https:\/\/alrayanservice.com\/ar\/product\/mannol-atf-ag60-8213\/","title":{"rendered":"MANNOL ATF AG60 8213"},"content":{"rendered":"<p><a href=\"https:\/\/alrayanservice.com\/wp-content\/uploads\/2026\/04\/pictures_png_MN8213-1_bdx_front_1200-1.webp\"><img fetchpriority=\"high\" decoding=\"async\" class=\"alignnone size-medium wp-image-1698\" src=\"https:\/\/alrayanservice.com\/wp-content\/uploads\/2026\/04\/pictures_png_MN8213-1_bdx_front_1200-1-260x300.webp\" alt=\"\" width=\"260\" height=\"300\" srcset=\"https:\/\/alrayanservice.com\/wp-content\/uploads\/2026\/04\/pictures_png_MN8213-1_bdx_front_1200-1-260x300.webp 260w, https:\/\/alrayanservice.com\/wp-content\/uploads\/2026\/04\/pictures_png_MN8213-1_bdx_front_1200-1-887x1024.webp 887w, https:\/\/alrayanservice.com\/wp-content\/uploads\/2026\/04\/pictures_png_MN8213-1_bdx_front_1200-1-768x886.webp 768w, https:\/\/alrayanservice.com\/wp-content\/uploads\/2026\/04\/pictures_png_MN8213-1_bdx_front_1200-1-600x692.webp 600w, https:\/\/alrayanservice.com\/wp-content\/uploads\/2026\/04\/pictures_png_MN8213-1_bdx_front_1200-1.webp 1040w\" sizes=\"(max-width: 260px) 100vw, 260px\" \/><\/a><\/p>\n","protected":false},"excerpt":{"rendered":"<h1>Mannol ATF AG60 1L<\/h1>\n<h2>Syntetyczny olej przek\u0142adniowy.<\/h2>\n<p>Ca\u0142oroczny olej typu ATF. Przeznaczony do stosowania w nowoczesnej generacji 8-biegowych automatycznych skrzy\u0144 bieg\u00f3w oraz 6-biegowych skrzy\u0144 automatycznych grupy ZF. Zapewnia bezawaryjno\u015b\u0107 skrzyni. Minimalizuje zu\u017cycie. Zmniejsza zu\u017cycie paliwa. Dzia\u0142a w szerokim zakresie temperatur, od -45C. Chroni przed nadmiernym tarciem. Zapewnia p\u0142ynn\u0105 zmian\u0119 bieg\u00f3w.<\/p>\n<p>Chroni przed korozj\u0105.<\/p>\n<p>Jest kompatybilny ze wszystkimi materia\u0142ami uszczelniaj\u0105cymi.<\/p>\n<p>Nr kat: 8213<\/p>\n","protected":false},"featured_media":1698,"comment_status":"open","ping_status":"closed","template":"","meta":{"_acf_changed":false},"product_brand":[],"product_cat":[91],"product_tag":[],"class_list":{"0":"post-1696","1":"product","2":"type-product","3":"status-publish","4":"has-post-thumbnail","6":"product_cat-91","8":"first","9":"instock","10":"shipping-taxable","11":"purchasable","12":"product-type-simple"},"acf":[],"jetpack_sharing_enabled":true,"_links":{"self":[{"href":"https:\/\/alrayanservice.com\/ar\/wp-json\/wp\/v2\/product\/1696","targetHints":{"allow":["GET"]}}],"collection":[{"href":"https:\/\/alrayanservice.com\/ar\/wp-json\/wp\/v2\/product"}],"about":[{"href":"https:\/\/alrayanservice.com\/ar\/wp-json\/wp\/v2\/types\/product"}],"replies":[{"embeddable":true,"href":"https:\/\/alrayanservice.com\/ar\/wp-json\/wp\/v2\/comments?post=1696"}],"wp:featuredmedia":[{"embeddable":true,"href":"https:\/\/alrayanservice.com\/ar\/wp-json\/wp\/v2\/media\/1698"}],"wp:attachment":[{"href":"https:\/\/alrayanservice.com\/ar\/wp-json\/wp\/v2\/media?parent=1696"}],"wp:term":[{"taxonomy":"product_brand","embeddable":true,"href":"https:\/\/alrayanservice.com\/ar\/wp-json\/wp\/v2\/product_brand?post=1696"},{"taxonomy":"product_cat","embeddable":true,"href":"https:\/\/alrayanservice.com\/ar\/wp-json\/wp\/v2\/product_cat?post=1696"},{"taxonomy":"product_tag","embeddable":true,"href":"https:\/\/alrayanservice.com\/ar\/wp-json\/wp\/v2\/product_tag?post=1696"}],"curies":[{"name":"wp","href":"https:\/\/api.w.org\/{rel}","templated":true}]}}