{"id":1701,"date":"2026-04-22T14:44:49","date_gmt":"2026-04-22T14:44:49","guid":{"rendered":"https:\/\/alrayanservice.com\/?post_type=product&#038;p=1701"},"modified":"2026-04-22T15:39:03","modified_gmt":"2026-04-22T15:39:03","slug":"aditivo-mannol-motor-life-extender-500ml","status":"publish","type":"product","link":"https:\/\/alrayanservice.com\/ar\/product\/aditivo-mannol-motor-life-extender-500ml\/","title":{"rendered":"Aditivo Mannol Motor Life Extender 500ml"},"content":{"rendered":"<p><a href=\"https:\/\/alrayanservice.com\/wp-content\/uploads\/2026\/04\/aditivo-mannol-motor-life-extender-500ml.jpg\"><img fetchpriority=\"high\" decoding=\"async\" class=\"alignnone size-medium wp-image-1702\" src=\"https:\/\/alrayanservice.com\/wp-content\/uploads\/2026\/04\/aditivo-mannol-motor-life-extender-500ml-300x300.jpg\" alt=\"\" width=\"300\" height=\"300\" srcset=\"https:\/\/alrayanservice.com\/wp-content\/uploads\/2026\/04\/aditivo-mannol-motor-life-extender-500ml-300x300.jpg 300w, https:\/\/alrayanservice.com\/wp-content\/uploads\/2026\/04\/aditivo-mannol-motor-life-extender-500ml-150x150.jpg 150w, https:\/\/alrayanservice.com\/wp-content\/uploads\/2026\/04\/aditivo-mannol-motor-life-extender-500ml-100x100.jpg 100w, https:\/\/alrayanservice.com\/wp-content\/uploads\/2026\/04\/aditivo-mannol-motor-life-extender-500ml.jpg 600w\" sizes=\"(max-width: 300px) 100vw, 300px\" \/><\/a><\/p>\n","protected":false},"excerpt":{"rendered":"<p>Mannol Motor Life Extender es un producto complejo:un estabilizador de la viscosidad que protege el aceite de la licuefacci\u00f3n, un sellador del sistema de lubricaci\u00f3n del motor y un modificador de la fricci\u00f3n Es adecuado para todo tipo de motores de cuatro tiempos: di\u00e9sel y gasolina y todo tipo de aceites: sint\u00e9ticos, semisint\u00e9ticos, minerales, incluidos los que contienen \u00e9steres. Propiedades: &#8211; Penetra en juntas desgastadas y juntas<\/p>\n","protected":false},"featured_media":1702,"comment_status":"open","ping_status":"closed","template":"","meta":{"_acf_changed":false},"product_brand":[],"product_cat":[91],"product_tag":[],"class_list":{"0":"post-1701","1":"product","2":"type-product","3":"status-publish","4":"has-post-thumbnail","6":"product_cat-91","8":"first","9":"instock","10":"shipping-taxable","11":"purchasable","12":"product-type-simple"},"acf":[],"jetpack_sharing_enabled":true,"_links":{"self":[{"href":"https:\/\/alrayanservice.com\/ar\/wp-json\/wp\/v2\/product\/1701","targetHints":{"allow":["GET"]}}],"collection":[{"href":"https:\/\/alrayanservice.com\/ar\/wp-json\/wp\/v2\/product"}],"about":[{"href":"https:\/\/alrayanservice.com\/ar\/wp-json\/wp\/v2\/types\/product"}],"replies":[{"embeddable":true,"href":"https:\/\/alrayanservice.com\/ar\/wp-json\/wp\/v2\/comments?post=1701"}],"wp:featuredmedia":[{"embeddable":true,"href":"https:\/\/alrayanservice.com\/ar\/wp-json\/wp\/v2\/media\/1702"}],"wp:attachment":[{"href":"https:\/\/alrayanservice.com\/ar\/wp-json\/wp\/v2\/media?parent=1701"}],"wp:term":[{"taxonomy":"product_brand","embeddable":true,"href":"https:\/\/alrayanservice.com\/ar\/wp-json\/wp\/v2\/product_brand?post=1701"},{"taxonomy":"product_cat","embeddable":true,"href":"https:\/\/alrayanservice.com\/ar\/wp-json\/wp\/v2\/product_cat?post=1701"},{"taxonomy":"product_tag","embeddable":true,"href":"https:\/\/alrayanservice.com\/ar\/wp-json\/wp\/v2\/product_tag?post=1701"}],"curies":[{"name":"wp","href":"https:\/\/api.w.org\/{rel}","templated":true}]}}